{"id":627,"date":"2025-04-10T11:15:08","date_gmt":"2025-04-10T11:15:08","guid":{"rendered":"https:\/\/nikitakonkin24.thkit.ee\/wp\/?page_id=627"},"modified":"2025-04-10T11:27:44","modified_gmt":"2025-04-10T11:27:44","slug":"konspekt","status":"publish","type":"page","link":"https:\/\/nikitakonkin24.thkit.ee\/wp\/konspekt\/","title":{"rendered":"Konspekt"},"content":{"rendered":"\n<p><strong>Robootika teooria konspekt \/ \u041a\u043e\u043d\u0441\u043f\u0435\u043a\u0442 \u043f\u043e \u0442\u0435\u043e\u0440\u0438\u0438 \u0440\u043e\u0431\u043e\u0442\u043e\u0442\u0435\u0445\u043d\u0438\u043a\u0438<\/strong><\/p>\n\n\n\n<p><strong>Kolm robootika p\u00f5hiseadust (Isaac Asimov) \/ \u0422\u0440\u0438 \u0437\u0430\u043a\u043e\u043d\u0430 \u0440\u043e\u0431\u043e\u0442\u043e\u0442\u0435\u0445\u043d\u0438\u043a\u0438 (\u0410\u0439\u0437\u0435\u043a \u0410\u0437\u0438\u043c\u043e\u0432):<\/strong><\/p>\n\n\n\n<ol start=\"1\" class=\"wp-block-list\">\n<li>Robot ei tohi inimest kahjustada ega tegevusetusega lasta inimesel viga saada. <br>\/ \u0420\u043e\u0431\u043e\u0442 \u043d\u0435 \u043c\u043e\u0436\u0435\u0442 \u043f\u0440\u0438\u0447\u0438\u043d\u0438\u0442\u044c \u0432\u0440\u0435\u0434 \u0447\u0435\u043b\u043e\u0432\u0435\u043a\u0443 \u0438\u043b\u0438 \u0441\u0432\u043e\u0438\u043c \u0431\u0435\u0437\u0434\u0435\u0439\u0441\u0442\u0432\u0438\u0435\u043c \u0434\u043e\u043f\u0443\u0441\u0442\u0438\u0442\u044c, \u0447\u0442\u043e\u0431\u044b \u0447\u0435\u043b\u043e\u0432\u0435\u043a\u0443 \u0431\u044b\u043b \u043f\u0440\u0438\u0447\u0438\u043d\u0451\u043d \u0432\u0440\u0435\u0434.<\/li>\n\n\n\n<li>Robot peab alluma inimese k\u00e4skudele, v\u00e4lja arvatud juhul, kui need l\u00e4hevad vastuollu esimese seadusega. <br>\/ \u0420\u043e\u0431\u043e\u0442 \u0434\u043e\u043b\u0436\u0435\u043d \u043f\u043e\u0434\u0447\u0438\u043d\u044f\u0442\u044c\u0441\u044f \u043f\u0440\u0438\u043a\u0430\u0437\u0430\u043c \u0447\u0435\u043b\u043e\u0432\u0435\u043a\u0430, \u0435\u0441\u043b\u0438 \u044d\u0442\u043e \u043d\u0435 \u043f\u0440\u043e\u0442\u0438\u0432\u043e\u0440\u0435\u0447\u0438\u0442 \u043f\u0435\u0440\u0432\u043e\u043c\u0443 \u0437\u0430\u043a\u043e\u043d\u0443.<\/li>\n\n\n\n<li>Robot peab kaitsma oma olemasolu, kui see ei l\u00e4he vastuollu esimese v\u00f5i teise seadusega. <br>\/ \u0420\u043e\u0431\u043e\u0442 \u0434\u043e\u043b\u0436\u0435\u043d \u0437\u0430\u0431\u043e\u0442\u0438\u0442\u044c\u0441\u044f \u043e \u0441\u0432\u043e\u0435\u0439 \u0431\u0435\u0437\u043e\u043f\u0430\u0441\u043d\u043e\u0441\u0442\u0438, \u0435\u0441\u043b\u0438 \u044d\u0442\u043e \u043d\u0435 \u043f\u0440\u043e\u0442\u0438\u0432\u043e\u0440\u0435\u0447\u0438\u0442 \u043f\u0435\u0440\u0432\u043e\u043c\u0443 \u0438\u043b\u0438 \u0432\u0442\u043e\u0440\u043e\u043c\u0443 \u0437\u0430\u043a\u043e\u043d\u0443.<\/li>\n<\/ol>\n\n\n\n<p><strong>1. Mis on robot? Maailma esimene robot \/ \u0427\u0442\u043e \u0442\u0430\u043a\u043e\u0435 \u0440\u043e\u0431\u043e\u0442? <\/strong><br><strong>\u041f\u0435\u0440\u0432\u044b\u0439 \u0440\u043e\u0431\u043e\u0442 \u0432 \u043c\u0438\u0440\u0435:<\/strong> <br>1. Robot on programmeeritav masin, mis t\u00e4idab automaatselt \u00fclesandeid. <br>\/ \u0420\u043e\u0431\u043e\u0442 \u2014 \u044d\u0442\u043e \u043f\u0440\u043e\u0433\u0440\u0430\u043c\u043c\u0438\u0440\u0443\u0435\u043c\u0430\u044f \u043c\u0430\u0448\u0438\u043d\u0430, \u0432\u044b\u043f\u043e\u043b\u043d\u044f\u044e\u0449\u0430\u044f \u0437\u0430\u0434\u0430\u0447\u0438 \u0430\u0432\u0442\u043e\u043c\u0430\u0442\u0438\u0447\u0435\u0441\u043a\u0438. <br>2. Esimene robot: <em>Unimate<\/em>, kasutusel 1950ndatel General Motorsi tehases. <br>\/ \u041f\u0435\u0440\u0432\u044b\u0439 \u0440\u043e\u0431\u043e\u0442: <em>Unimate<\/em>, \u0438\u0441\u043f\u043e\u043b\u044c\u0437\u043e\u0432\u0430\u043b\u0441\u044f \u0432 1950-\u0445 \u043d\u0430 \u0437\u0430\u0432\u043e\u0434\u0435 General Motors.<\/p>\n\n\n\n<p><strong>2. Robootide arendamise p\u00f5lvkonnad \/ \u041f\u043e\u043a\u043e\u043b\u0435\u043d\u0438\u044f \u0440\u0430\u0437\u0432\u0438\u0442\u0438\u044f \u0440\u043e\u0431\u043e\u0442\u043e\u0432:<\/strong><\/p>\n\n\n\n<ul class=\"wp-block-list\">\n<li><strong>1. p\u00f5lvkond \/ 1-\u0435 \u043f\u043e\u043a\u043e\u043b\u0435\u043d\u0438\u0435:<\/strong> fikseeritud programmiga robotid (nt n\u00f5udepesumasin, fikseeritud liikumisega robot). <br>\/ \u0420\u043e\u0431\u043e\u0442\u044b \u0441 \u0444\u0438\u043a\u0441\u0438\u0440\u043e\u0432\u0430\u043d\u043d\u043e\u0439 \u043f\u0440\u043e\u0433\u0440\u0430\u043c\u043c\u043e\u0439 (\u043d\u0430\u043f\u0440\u0438\u043c\u0435\u0440, \u043f\u043e\u0441\u0443\u0434\u043e\u043c\u043e\u0435\u0447\u043d\u0430\u044f \u043c\u0430\u0448\u0438\u043d\u0430, \u0440\u043e\u0431\u043e\u0442 \u0441 \u0444\u0438\u043a\u0441\u0438\u0440\u043e\u0432\u0430\u043d\u043d\u044b\u043c \u0434\u0432\u0438\u0436\u0435\u043d\u0438\u0435\u043c).<\/li>\n\n\n\n<li><strong>2. p\u00f5lvkond \/ 2-\u0435 \u043f\u043e\u043a\u043e\u043b\u0435\u043d\u0438\u0435:<\/strong> anduritega robotid, suudavad keskkonda tajuda (nt robotk\u00e4si, automaatselt s\u00fcttiv lamp). <br>\/ \u0420\u043e\u0431\u043e\u0442\u044b \u0441 \u0434\u0430\u0442\u0447\u0438\u043a\u0430\u043c\u0438, \u043a\u043e\u0442\u043e\u0440\u044b\u0435 \u043c\u043e\u0433\u0443\u0442 \u0432\u043e\u0441\u043f\u0440\u0438\u043d\u0438\u043c\u0430\u0442\u044c \u0441\u0440\u0435\u0434\u0443 (\u043d\u0430\u043f\u0440\u0438\u043c\u0435\u0440, \u0440\u043e\u0431\u043e\u0442-\u0440\u0443\u043a\u0430, \u0430\u0432\u0442\u043e\u043c\u0430\u0442\u0438\u0447\u0435\u0441\u043a\u0438 \u0432\u043a\u043b\u044e\u0447\u0430\u044e\u0449\u0430\u044f\u0441\u044f \u043b\u0430\u043c\u043f\u0430).<\/li>\n\n\n\n<li><strong>3. p\u00f5lvkond \/ 3-\u0435 \u043f\u043e\u043a\u043e\u043b\u0435\u043d\u0438\u0435:<\/strong> \u00f5ppimisv\u00f5imega ja autonoomsed robotid (nt keelt \u00f5ppiv robot). <br>\/ \u0410\u0432\u0442\u043e\u043d\u043e\u043c\u043d\u044b\u0435 \u0440\u043e\u0431\u043e\u0442\u044b \u0441 \u0432\u043e\u0437\u043c\u043e\u0436\u043d\u043e\u0441\u0442\u044c\u044e \u043e\u0431\u0443\u0447\u0435\u043d\u0438\u044f (\u043d\u0430\u043f\u0440\u0438\u043c\u0435\u0440, \u0440\u043e\u0431\u043e\u0442, \u0438\u0437\u0443\u0447\u0430\u044e\u0449\u0438\u0439 \u044f\u0437\u044b\u043a).<\/li>\n<\/ul>\n\n\n\n<p><strong>3. Miks manipulaatorid ei ole robotid? \/ \u041f\u043e\u0447\u0435\u043c\u0443 \u043c\u0430\u043d\u0438\u043f\u0443\u043b\u044f\u0442\u043e\u0440\u044b \u043d\u0435 \u044f\u0432\u043b\u044f\u044e\u0442\u0441\u044f \u0440\u043e\u0431\u043e\u0442\u0430\u043c\u0438?<\/strong> Manipulaatorid ei ole iseseisvalt programmeeritavad ega suuda teha otsuseid andmete p\u00f5hjal. Neil puudub autonoomsus. <br>\/ \u041c\u0430\u043d\u0438\u043f\u0443\u043b\u044f\u0442\u043e\u0440\u044b \u043d\u0435 \u043c\u043e\u0433\u0443\u0442 \u0431\u044b\u0442\u044c \u0437\u0430\u043f\u0440\u043e\u0433\u0440\u0430\u043c\u043c\u0438\u0440\u043e\u0432\u0430\u043d\u044b \u043d\u0430 \u0430\u0432\u0442\u043e\u043d\u043e\u043c\u043d\u0443\u044e \u0440\u0430\u0431\u043e\u0442\u0443 \u0438 \u043d\u0435 \u043f\u0440\u0438\u043d\u0438\u043c\u0430\u044e\u0442 \u0440\u0435\u0448\u0435\u043d\u0438\u044f \u043d\u0430 \u043e\u0441\u043d\u043e\u0432\u0435 \u0434\u0430\u043d\u043d\u044b\u0445.<\/p>\n\n\n\n<p><strong>4. Masinate eelised v\u00f5rreldes inimt\u00f6\u00f6j\u00f5uga \/ \u041f\u0440\u0435\u0438\u043c\u0443\u0449\u0435\u0441\u0442\u0432\u0430 \u043c\u0430\u0448\u0438\u043d \u043f\u043e \u0441\u0440\u0430\u0432\u043d\u0435\u043d\u0438\u044e \u0441 \u0447\u0435\u043b\u043e\u0432\u0435\u0447\u0435\u0441\u043a\u0438\u043c \u0442\u0440\u0443\u0434\u043e\u043c:<\/strong><\/p>\n\n\n\n<ul class=\"wp-block-list\">\n<li>T\u00f6\u00f6tavad pidevalt ja v\u00e4simatult \/ \u0420\u0430\u0431\u043e\u0442\u0430\u044e\u0442 \u0431\u0435\u0437 \u0443\u0441\u0442\u0430\u043b\u043e\u0441\u0442\u0438<\/li>\n\n\n\n<li>Suurem t\u00e4psus \/ \u0411\u043e\u043b\u0435\u0435 \u0432\u044b\u0441\u043e\u043a\u0430\u044f \u0442\u043e\u0447\u043d\u043e\u0441\u0442\u044c<\/li>\n\n\n\n<li>V\u00e4hem vigu \/ \u041c\u0435\u043d\u044c\u0448\u0435 \u043e\u0448\u0438\u0431\u043e\u043a<\/li>\n\n\n\n<li>V\u00f5imalik kasutada ohtlikus keskkonnas \/ \u041c\u043e\u0436\u043d\u043e \u0438\u0441\u043f\u043e\u043b\u044c\u0437\u043e\u0432\u0430\u0442\u044c \u0432 \u043e\u043f\u0430\u0441\u043d\u043e\u0439 \u0441\u0440\u0435\u0434\u0435<\/li>\n\n\n\n<li>Suur tootmisefektiivsus \/ \u0412\u044b\u0441\u043e\u043a\u0430\u044f \u043f\u0440\u043e\u0438\u0437\u0432\u043e\u0434\u0441\u0442\u0432\u0435\u043d\u043d\u0430\u044f \u044d\u0444\u0444\u0435\u043a\u0442\u0438\u0432\u043d\u043e\u0441\u0442\u044c<\/li>\n<\/ul>\n\n\n\n<p><strong>5. Kolm tingimust, et nimetada seade robotiks \/ \u0422\u0440\u0438 \u0443\u0441\u043b\u043e\u0432\u0438\u044f, \u0447\u0442\u043e\u0431\u044b \u043d\u0430\u0437\u0432\u0430\u0442\u044c \u0443\u0441\u0442\u0440\u043e\u0439\u0441\u0442\u0432\u043e \u0440\u043e\u0431\u043e\u0442\u043e\u043c:<\/strong><\/p>\n\n\n\n<ol start=\"1\" class=\"wp-block-list\">\n<li>Seade peab olema programmeeritav \/ \u0423\u0441\u0442\u0440\u043e\u0439\u0441\u0442\u0432\u043e \u0434\u043e\u043b\u0436\u043d\u043e \u0431\u044b\u0442\u044c \u043f\u0440\u043e\u0433\u0440\u0430\u043c\u043c\u0438\u0440\u0443\u0435\u043c\u044b\u043c<\/li>\n\n\n\n<li>Peab tajuma keskkonda \/ \u0414\u043e\u043b\u0436\u043d\u043e \u0432\u043e\u0441\u043f\u0440\u0438\u043d\u0438\u043c\u0430\u0442\u044c \u043e\u043a\u0440\u0443\u0436\u0430\u044e\u0449\u0443\u044e \u0441\u0440\u0435\u0434\u0443<\/li>\n\n\n\n<li>Peab reageerima iseseisvalt vastavalt sisendile \/ \u0414\u043e\u043b\u0436\u043d\u043e \u0441\u0430\u043c\u043e\u0441\u0442\u043e\u044f\u0442\u0435\u043b\u044c\u043d\u043e \u0440\u0435\u0430\u0433\u0438\u0440\u043e\u0432\u0430\u0442\u044c \u043d\u0430 \u0432\u0445\u043e\u0434\u043d\u044b\u0435 \u0434\u0430\u043d\u043d\u044b\u0435<\/li>\n<\/ol>\n\n\n\n<p><strong>6. Eesti t\u00f6\u00f6stusettev\u00f5tted, kus saab t\u00f6\u00f6tada mehhatroonikuna \/ \u042d\u0441\u0442\u043e\u043d\u0441\u043a\u0438\u0435 \u043f\u0440\u043e\u043c\u044b\u0448\u043b\u0435\u043d\u043d\u044b\u0435 \u043f\u0440\u0435\u0434\u043f\u0440\u0438\u044f\u0442\u0438\u044f, \u0433\u0434\u0435 \u043c\u043e\u0436\u0435\u0442 \u0440\u0430\u0431\u043e\u0442\u0430\u0442\u044c \u043c\u0435\u0445\u0430\u0442\u0440\u043e\u043d\u0438\u043a:<\/strong><\/p>\n\n\n\n<ul class=\"wp-block-list\">\n<li>ABB Eesti<\/li>\n\n\n\n<li>Eesti Energia<\/li>\n\n\n\n<li>Ericsson Eesti<\/li>\n\n\n\n<li>Skeleton Technologies<\/li>\n\n\n\n<li>TalTech ja Tartu \u00dclikooli uurimislaborid \/ \u0418\u0441\u0441\u043b\u0435\u0434\u043e\u0432\u0430\u0442\u0435\u043b\u044c\u0441\u043a\u0438\u0435 \u043b\u0430\u0431\u043e\u0440\u0430\u0442\u043e\u0440\u0438\u0438 TalTech \u0438 \u0422\u0430\u0440\u0442\u0443\u0441\u043a\u043e\u0433\u043e \u0443\u043d\u0438\u0432\u0435\u0440\u0441\u0438\u0442\u0435\u0442\u0430<\/li>\n<\/ul>\n\n\n\n<p><strong>Definitsioonid \/ \u041e\u043f\u0440\u0435\u0434\u0435\u043b\u0435\u043d\u0438\u044f:<\/strong><\/p>\n\n\n\n<ul class=\"wp-block-list\">\n<li><strong>Robot:<\/strong> automaatne, programmeeritav masin. \/ \u0410\u0432\u0442\u043e\u043c\u0430\u0442\u0438\u0447\u0435\u0441\u043a\u0430\u044f, \u043f\u0440\u043e\u0433\u0440\u0430\u043c\u043c\u0438\u0440\u0443\u0435\u043c\u0430\u044f \u043c\u0430\u0448\u0438\u043d\u0430.<\/li>\n\n\n\n<li><strong>Robootika:<\/strong> teadus robotite arendamisest ja juhtimisest. \/ \u041d\u0430\u0443\u043a\u0430 \u043e \u0440\u0430\u0437\u0440\u0430\u0431\u043e\u0442\u043a\u0435 \u0438 \u0443\u043f\u0440\u0430\u0432\u043b\u0435\u043d\u0438\u0438 \u0440\u043e\u0431\u043e\u0442\u0430\u043c\u0438.<\/li>\n\n\n\n<li><strong>Manipulaator:<\/strong> seade, mis liigutab objekte, kuid ei ole autonoomne. \/ \u0423\u0441\u0442\u0440\u043e\u0439\u0441\u0442\u0432\u043e, \u043f\u0435\u0440\u0435\u043c\u0435\u0449\u0430\u044e\u0449\u0435\u0435 \u043e\u0431\u044a\u0435\u043a\u0442\u044b, \u043d\u043e \u043d\u0435 \u0430\u0432\u0442\u043e\u043d\u043e\u043c\u043d\u043e\u0435.<\/li>\n\n\n\n<li><strong>Mehhatroonika:<\/strong> ala, mis \u00fchendab mehaanika, elektroonika, IT ja automaatika. \/ \u041e\u0431\u043b\u0430\u0441\u0442\u044c, \u043e\u0431\u044a\u0435\u0434\u0438\u043d\u044f\u044e\u0449\u0430\u044f \u043c\u0435\u0445\u0430\u043d\u0438\u043a\u0443, \u044d\u043b\u0435\u043a\u0442\u0440\u043e\u043d\u0438\u043a\u0443, \u0418\u0422 \u0438 \u0430\u0432\u0442\u043e\u043c\u0430\u0442\u0438\u043a\u0443.<\/li>\n\n\n\n<li><strong>Andur:<\/strong> seade, mis m\u00f5\u00f5dab keskkonda ja edastab signaali. \/ \u0414\u0430\u0442\u0447\u0438\u043a, \u0438\u0437\u043c\u0435\u0440\u044f\u044e\u0449\u0438\u0439 \u043f\u0430\u0440\u0430\u043c\u0435\u0442\u0440\u044b \u043e\u043a\u0440\u0443\u0436\u0430\u044e\u0449\u0435\u0439 \u0441\u0440\u0435\u0434\u044b \u0438 \u043f\u0435\u0440\u0435\u0434\u0430\u044e\u0449\u0438\u0439 \u0441\u0438\u0433\u043d\u0430\u043b.<\/li>\n\n\n\n<li><strong>T\u00e4itur:<\/strong> osa, mis muudab signaali liikumiseks (nt mootor). \/ \u042d\u043b\u0435\u043c\u0435\u043d\u0442, \u043f\u0440\u0435\u043e\u0431\u0440\u0430\u0437\u0443\u044e\u0449\u0438\u0439 \u0441\u0438\u0433\u043d\u0430\u043b \u0432 \u0434\u0432\u0438\u0436\u0435\u043d\u0438\u0435 (\u043d\u0430\u043f\u0440\u0438\u043c\u0435\u0440, \u043c\u043e\u0442\u043e\u0440).<\/li>\n\n\n\n<li><strong>Kontroller:<\/strong> seade, mis juhib roboti v\u00f5i s\u00fcsteemi t\u00f6\u00f6d. \/ \u0423\u0441\u0442\u0440\u043e\u0439\u0441\u0442\u0432\u043e, \u0443\u043f\u0440\u0430\u0432\u043b\u044f\u044e\u0449\u0435\u0435 \u0440\u0430\u0431\u043e\u0442\u043e\u0439 \u0440\u043e\u0431\u043e\u0442\u0430 \u0438\u043b\u0438 \u0441\u0438\u0441\u0442\u0435\u043c\u044b.<\/li>\n<\/ul>\n","protected":false},"excerpt":{"rendered":"<p>Robootika teooria konspekt \/ \u041a\u043e\u043d\u0441\u043f\u0435\u043a\u0442 \u043f\u043e \u0442\u0435\u043e\u0440\u0438\u0438 \u0440\u043e\u0431\u043e\u0442\u043e\u0442\u0435\u0445\u043d\u0438\u043a\u0438 Kolm robootika p\u00f5hiseadust (Isaac Asimov) \/ \u0422\u0440\u0438 \u0437\u0430\u043a\u043e\u043d\u0430 \u0440\u043e\u0431\u043e\u0442\u043e\u0442\u0435\u0445\u043d\u0438\u043a\u0438 (\u0410\u0439\u0437\u0435\u043a \u0410\u0437\u0438\u043c\u043e\u0432): 1. Mis on robot? Maailma esimene robot \/ \u0427\u0442\u043e \u0442\u0430\u043a\u043e\u0435 \u0440\u043e\u0431\u043e\u0442? \u041f\u0435\u0440\u0432\u044b\u0439 \u0440\u043e\u0431\u043e\u0442 \u0432 \u043c\u0438\u0440\u0435: 1. Robot on programmeeritav masin, mis t\u00e4idab automaatselt \u00fclesandeid. \/ \u0420\u043e\u0431\u043e\u0442 \u2014 \u044d\u0442\u043e \u043f\u0440\u043e\u0433\u0440\u0430\u043c\u043c\u0438\u0440\u0443\u0435\u043c\u0430\u044f \u043c\u0430\u0448\u0438\u043d\u0430, \u0432\u044b\u043f\u043e\u043b\u043d\u044f\u044e\u0449\u0430\u044f \u0437\u0430\u0434\u0430\u0447\u0438 \u0430\u0432\u0442\u043e\u043c\u0430\u0442\u0438\u0447\u0435\u0441\u043a\u0438. 2. Esimene robot: [&hellip;]<\/p>\n","protected":false},"author":1,"featured_media":0,"parent":0,"menu_order":0,"comment_status":"closed","ping_status":"closed","template":"","meta":{"footnotes":""},"class_list":["post-627","page","type-page","status-publish","hentry"],"yoast_head":"<!-- This site is optimized with the Yoast SEO plugin v27.3 - https:\/\/yoast.com\/product\/yoast-seo-wordpress\/ -->\n<title>Konspekt - Nikita Konkin<\/title>\n<meta name=\"robots\" content=\"index, follow, max-snippet:-1, max-image-preview:large, max-video-preview:-1\" \/>\n<link rel=\"canonical\" href=\"https:\/\/nikitakonkin24.thkit.ee\/wp\/konspekt\/\" \/>\n<meta property=\"og:locale\" content=\"et_EE\" \/>\n<meta property=\"og:type\" content=\"article\" \/>\n<meta property=\"og:title\" content=\"Konspekt - Nikita Konkin\" \/>\n<meta property=\"og:description\" content=\"Robootika teooria konspekt \/ \u041a\u043e\u043d\u0441\u043f\u0435\u043a\u0442 \u043f\u043e \u0442\u0435\u043e\u0440\u0438\u0438 \u0440\u043e\u0431\u043e\u0442\u043e\u0442\u0435\u0445\u043d\u0438\u043a\u0438 Kolm robootika p\u00f5hiseadust (Isaac Asimov) \/ \u0422\u0440\u0438 \u0437\u0430\u043a\u043e\u043d\u0430 \u0440\u043e\u0431\u043e\u0442\u043e\u0442\u0435\u0445\u043d\u0438\u043a\u0438 (\u0410\u0439\u0437\u0435\u043a \u0410\u0437\u0438\u043c\u043e\u0432): 1. Mis on robot? Maailma esimene robot \/ \u0427\u0442\u043e \u0442\u0430\u043a\u043e\u0435 \u0440\u043e\u0431\u043e\u0442? \u041f\u0435\u0440\u0432\u044b\u0439 \u0440\u043e\u0431\u043e\u0442 \u0432 \u043c\u0438\u0440\u0435: 1. Robot on programmeeritav masin, mis t\u00e4idab automaatselt \u00fclesandeid. \/ \u0420\u043e\u0431\u043e\u0442 \u2014 \u044d\u0442\u043e \u043f\u0440\u043e\u0433\u0440\u0430\u043c\u043c\u0438\u0440\u0443\u0435\u043c\u0430\u044f \u043c\u0430\u0448\u0438\u043d\u0430, \u0432\u044b\u043f\u043e\u043b\u043d\u044f\u044e\u0449\u0430\u044f \u0437\u0430\u0434\u0430\u0447\u0438 \u0430\u0432\u0442\u043e\u043c\u0430\u0442\u0438\u0447\u0435\u0441\u043a\u0438. 2. Esimene robot: [&hellip;]\" \/>\n<meta property=\"og:url\" content=\"https:\/\/nikitakonkin24.thkit.ee\/wp\/konspekt\/\" \/>\n<meta property=\"og:site_name\" content=\"Nikita Konkin\" \/>\n<meta property=\"article:modified_time\" content=\"2025-04-10T11:27:44+00:00\" \/>\n<meta name=\"twitter:card\" content=\"summary_large_image\" \/>\n<meta name=\"twitter:label1\" content=\"Est. reading time\" \/>\n\t<meta name=\"twitter:data1\" content=\"3 minutit\" \/>\n<script type=\"application\/ld+json\" class=\"yoast-schema-graph\">{\"@context\":\"https:\\\/\\\/schema.org\",\"@graph\":[{\"@type\":\"WebPage\",\"@id\":\"https:\\\/\\\/nikitakonkin24.thkit.ee\\\/wp\\\/konspekt\\\/\",\"url\":\"https:\\\/\\\/nikitakonkin24.thkit.ee\\\/wp\\\/konspekt\\\/\",\"name\":\"Konspekt - Nikita Konkin\",\"isPartOf\":{\"@id\":\"https:\\\/\\\/nikitakonkin24.thkit.ee\\\/wp\\\/#website\"},\"datePublished\":\"2025-04-10T11:15:08+00:00\",\"dateModified\":\"2025-04-10T11:27:44+00:00\",\"breadcrumb\":{\"@id\":\"https:\\\/\\\/nikitakonkin24.thkit.ee\\\/wp\\\/konspekt\\\/#breadcrumb\"},\"inLanguage\":\"et\",\"potentialAction\":[{\"@type\":\"ReadAction\",\"target\":[\"https:\\\/\\\/nikitakonkin24.thkit.ee\\\/wp\\\/konspekt\\\/\"]}]},{\"@type\":\"BreadcrumbList\",\"@id\":\"https:\\\/\\\/nikitakonkin24.thkit.ee\\\/wp\\\/konspekt\\\/#breadcrumb\",\"itemListElement\":[{\"@type\":\"ListItem\",\"position\":1,\"name\":\"\u0413\u043b\u0430\u0432\u043d\u0430\u044f \u0441\u0442\u0440\u0430\u043d\u0438\u0446\u0430\",\"item\":\"https:\\\/\\\/nikitakonkin24.thkit.ee\\\/wp\\\/\"},{\"@type\":\"ListItem\",\"position\":2,\"name\":\"Konspekt\"}]},{\"@type\":\"WebSite\",\"@id\":\"https:\\\/\\\/nikitakonkin24.thkit.ee\\\/wp\\\/#website\",\"url\":\"https:\\\/\\\/nikitakonkin24.thkit.ee\\\/wp\\\/\",\"name\":\"Nikita Konkin\",\"description\":\"My porfolio\",\"publisher\":{\"@id\":\"https:\\\/\\\/nikitakonkin24.thkit.ee\\\/wp\\\/#organization\"},\"potentialAction\":[{\"@type\":\"SearchAction\",\"target\":{\"@type\":\"EntryPoint\",\"urlTemplate\":\"https:\\\/\\\/nikitakonkin24.thkit.ee\\\/wp\\\/?s={search_term_string}\"},\"query-input\":{\"@type\":\"PropertyValueSpecification\",\"valueRequired\":true,\"valueName\":\"search_term_string\"}}],\"inLanguage\":\"et\"},{\"@type\":\"Organization\",\"@id\":\"https:\\\/\\\/nikitakonkin24.thkit.ee\\\/wp\\\/#organization\",\"name\":\"Nikita Konkin\",\"url\":\"https:\\\/\\\/nikitakonkin24.thkit.ee\\\/wp\\\/\",\"logo\":{\"@type\":\"ImageObject\",\"inLanguage\":\"et\",\"@id\":\"https:\\\/\\\/nikitakonkin24.thkit.ee\\\/wp\\\/#\\\/schema\\\/logo\\\/image\\\/\",\"url\":\"https:\\\/\\\/nikitakonkin24.thkit.ee\\\/wp\\\/wp-content\\\/uploads\\\/2024\\\/11\\\/59bd5ef0-8193-4f23-b9c5-34b5afa3009d.jpg\",\"contentUrl\":\"https:\\\/\\\/nikitakonkin24.thkit.ee\\\/wp\\\/wp-content\\\/uploads\\\/2024\\\/11\\\/59bd5ef0-8193-4f23-b9c5-34b5afa3009d.jpg\",\"width\":219,\"height\":219,\"caption\":\"Nikita Konkin\"},\"image\":{\"@id\":\"https:\\\/\\\/nikitakonkin24.thkit.ee\\\/wp\\\/#\\\/schema\\\/logo\\\/image\\\/\"}}]}<\/script>\n<!-- \/ Yoast SEO plugin. -->","yoast_head_json":{"title":"Konspekt - Nikita Konkin","robots":{"index":"index","follow":"follow","max-snippet":"max-snippet:-1","max-image-preview":"max-image-preview:large","max-video-preview":"max-video-preview:-1"},"canonical":"https:\/\/nikitakonkin24.thkit.ee\/wp\/konspekt\/","og_locale":"et_EE","og_type":"article","og_title":"Konspekt - Nikita Konkin","og_description":"Robootika teooria konspekt \/ \u041a\u043e\u043d\u0441\u043f\u0435\u043a\u0442 \u043f\u043e \u0442\u0435\u043e\u0440\u0438\u0438 \u0440\u043e\u0431\u043e\u0442\u043e\u0442\u0435\u0445\u043d\u0438\u043a\u0438 Kolm robootika p\u00f5hiseadust (Isaac Asimov) \/ \u0422\u0440\u0438 \u0437\u0430\u043a\u043e\u043d\u0430 \u0440\u043e\u0431\u043e\u0442\u043e\u0442\u0435\u0445\u043d\u0438\u043a\u0438 (\u0410\u0439\u0437\u0435\u043a \u0410\u0437\u0438\u043c\u043e\u0432): 1. Mis on robot? Maailma esimene robot \/ \u0427\u0442\u043e \u0442\u0430\u043a\u043e\u0435 \u0440\u043e\u0431\u043e\u0442? \u041f\u0435\u0440\u0432\u044b\u0439 \u0440\u043e\u0431\u043e\u0442 \u0432 \u043c\u0438\u0440\u0435: 1. Robot on programmeeritav masin, mis t\u00e4idab automaatselt \u00fclesandeid. \/ \u0420\u043e\u0431\u043e\u0442 \u2014 \u044d\u0442\u043e \u043f\u0440\u043e\u0433\u0440\u0430\u043c\u043c\u0438\u0440\u0443\u0435\u043c\u0430\u044f \u043c\u0430\u0448\u0438\u043d\u0430, \u0432\u044b\u043f\u043e\u043b\u043d\u044f\u044e\u0449\u0430\u044f \u0437\u0430\u0434\u0430\u0447\u0438 \u0430\u0432\u0442\u043e\u043c\u0430\u0442\u0438\u0447\u0435\u0441\u043a\u0438. 2. Esimene robot: [&hellip;]","og_url":"https:\/\/nikitakonkin24.thkit.ee\/wp\/konspekt\/","og_site_name":"Nikita Konkin","article_modified_time":"2025-04-10T11:27:44+00:00","twitter_card":"summary_large_image","twitter_misc":{"Est. reading time":"3 minutit"},"schema":{"@context":"https:\/\/schema.org","@graph":[{"@type":"WebPage","@id":"https:\/\/nikitakonkin24.thkit.ee\/wp\/konspekt\/","url":"https:\/\/nikitakonkin24.thkit.ee\/wp\/konspekt\/","name":"Konspekt - Nikita Konkin","isPartOf":{"@id":"https:\/\/nikitakonkin24.thkit.ee\/wp\/#website"},"datePublished":"2025-04-10T11:15:08+00:00","dateModified":"2025-04-10T11:27:44+00:00","breadcrumb":{"@id":"https:\/\/nikitakonkin24.thkit.ee\/wp\/konspekt\/#breadcrumb"},"inLanguage":"et","potentialAction":[{"@type":"ReadAction","target":["https:\/\/nikitakonkin24.thkit.ee\/wp\/konspekt\/"]}]},{"@type":"BreadcrumbList","@id":"https:\/\/nikitakonkin24.thkit.ee\/wp\/konspekt\/#breadcrumb","itemListElement":[{"@type":"ListItem","position":1,"name":"\u0413\u043b\u0430\u0432\u043d\u0430\u044f \u0441\u0442\u0440\u0430\u043d\u0438\u0446\u0430","item":"https:\/\/nikitakonkin24.thkit.ee\/wp\/"},{"@type":"ListItem","position":2,"name":"Konspekt"}]},{"@type":"WebSite","@id":"https:\/\/nikitakonkin24.thkit.ee\/wp\/#website","url":"https:\/\/nikitakonkin24.thkit.ee\/wp\/","name":"Nikita Konkin","description":"My porfolio","publisher":{"@id":"https:\/\/nikitakonkin24.thkit.ee\/wp\/#organization"},"potentialAction":[{"@type":"SearchAction","target":{"@type":"EntryPoint","urlTemplate":"https:\/\/nikitakonkin24.thkit.ee\/wp\/?s={search_term_string}"},"query-input":{"@type":"PropertyValueSpecification","valueRequired":true,"valueName":"search_term_string"}}],"inLanguage":"et"},{"@type":"Organization","@id":"https:\/\/nikitakonkin24.thkit.ee\/wp\/#organization","name":"Nikita Konkin","url":"https:\/\/nikitakonkin24.thkit.ee\/wp\/","logo":{"@type":"ImageObject","inLanguage":"et","@id":"https:\/\/nikitakonkin24.thkit.ee\/wp\/#\/schema\/logo\/image\/","url":"https:\/\/nikitakonkin24.thkit.ee\/wp\/wp-content\/uploads\/2024\/11\/59bd5ef0-8193-4f23-b9c5-34b5afa3009d.jpg","contentUrl":"https:\/\/nikitakonkin24.thkit.ee\/wp\/wp-content\/uploads\/2024\/11\/59bd5ef0-8193-4f23-b9c5-34b5afa3009d.jpg","width":219,"height":219,"caption":"Nikita Konkin"},"image":{"@id":"https:\/\/nikitakonkin24.thkit.ee\/wp\/#\/schema\/logo\/image\/"}}]}},"_links":{"self":[{"href":"https:\/\/nikitakonkin24.thkit.ee\/wp\/wp-json\/wp\/v2\/pages\/627","targetHints":{"allow":["GET"]}}],"collection":[{"href":"https:\/\/nikitakonkin24.thkit.ee\/wp\/wp-json\/wp\/v2\/pages"}],"about":[{"href":"https:\/\/nikitakonkin24.thkit.ee\/wp\/wp-json\/wp\/v2\/types\/page"}],"author":[{"embeddable":true,"href":"https:\/\/nikitakonkin24.thkit.ee\/wp\/wp-json\/wp\/v2\/users\/1"}],"replies":[{"embeddable":true,"href":"https:\/\/nikitakonkin24.thkit.ee\/wp\/wp-json\/wp\/v2\/comments?post=627"}],"version-history":[{"count":2,"href":"https:\/\/nikitakonkin24.thkit.ee\/wp\/wp-json\/wp\/v2\/pages\/627\/revisions"}],"predecessor-version":[{"id":634,"href":"https:\/\/nikitakonkin24.thkit.ee\/wp\/wp-json\/wp\/v2\/pages\/627\/revisions\/634"}],"wp:attachment":[{"href":"https:\/\/nikitakonkin24.thkit.ee\/wp\/wp-json\/wp\/v2\/media?parent=627"}],"curies":[{"name":"wp","href":"https:\/\/api.w.org\/{rel}","templated":true}]}}